{"id":118,"date":"2022-01-12T09:59:45","date_gmt":"2022-01-12T09:59:45","guid":{"rendered":"https:\/\/new.albita.al\/?post_type=product&#038;p=118"},"modified":"2022-01-12T14:51:15","modified_gmt":"2022-01-12T14:51:15","slug":"akullore-model-250-panna-kakao","status":"publish","type":"product","link":"https:\/\/albita.al\/?product=akullore-model-250-panna-kakao","title":{"rendered":"Akullore Model 250 Panna &#8211; Kakao"},"content":{"rendered":"","protected":false},"excerpt":{"rendered":"<p>Kompania AlbIta ofron nj\u00eb gam\u00eb t\u00eb gjer\u00eb produktesh, nga akulloret per bare dhe restorante, me paketim familiar, pa harruar akulloret ne paketim te vogel, si kono, kupa, etj. Kjo \u00ebsht\u00eb arsyeja perse Albita Sh.p.k propozon p\u00ebr ju produkte t\u00eb cil\u00ebsis\u00eb s\u00eb lart\u00eb, p\u00ebr t\u00eb k\u00ebnaqur klient\u00ebt dhe rritur besimin e tyre n\u00eb konsumin e produkteve tona. Shije fantastike dhe perberes natyrale, per nje akullore unike.<\/p>\n","protected":false},"featured_media":224,"comment_status":"open","ping_status":"closed","template":"","meta":[],"product_brand":[],"product_cat":[19],"product_tag":[],"class_list":{"0":"post-118","1":"product","2":"type-product","3":"status-publish","4":"has-post-thumbnail","6":"product_cat-model-850","7":"description-off","9":"first","10":"instock","11":"shipping-taxable","12":"product-type-simple"},"_links":{"self":[{"href":"https:\/\/albita.al\/index.php?rest_route=\/wp\/v2\/product\/118","targetHints":{"allow":["GET"]}}],"collection":[{"href":"https:\/\/albita.al\/index.php?rest_route=\/wp\/v2\/product"}],"about":[{"href":"https:\/\/albita.al\/index.php?rest_route=\/wp\/v2\/types\/product"}],"replies":[{"embeddable":true,"href":"https:\/\/albita.al\/index.php?rest_route=%2Fwp%2Fv2%2Fcomments&post=118"}],"wp:featuredmedia":[{"embeddable":true,"href":"https:\/\/albita.al\/index.php?rest_route=\/wp\/v2\/media\/224"}],"wp:attachment":[{"href":"https:\/\/albita.al\/index.php?rest_route=%2Fwp%2Fv2%2Fmedia&parent=118"}],"wp:term":[{"taxonomy":"product_brand","embeddable":true,"href":"https:\/\/albita.al\/index.php?rest_route=%2Fwp%2Fv2%2Fproduct_brand&post=118"},{"taxonomy":"product_cat","embeddable":true,"href":"https:\/\/albita.al\/index.php?rest_route=%2Fwp%2Fv2%2Fproduct_cat&post=118"},{"taxonomy":"product_tag","embeddable":true,"href":"https:\/\/albita.al\/index.php?rest_route=%2Fwp%2Fv2%2Fproduct_tag&post=118"}],"curies":[{"name":"wp","href":"https:\/\/api.w.org\/{rel}","templated":true}]}}