{"id":35,"date":"2022-01-12T09:01:27","date_gmt":"2022-01-12T09:01:27","guid":{"rendered":"https:\/\/new.albita.al\/?page_id=35"},"modified":"2022-01-12T13:49:42","modified_gmt":"2022-01-12T13:49:42","slug":"rreth-nesh","status":"publish","type":"page","link":"https:\/\/albita.al\/?page_id=35","title":{"rendered":"Rreth Nesh"},"content":{"rendered":"<div class=\"wpb-content-wrapper\"><p>[vc_row css=&#8221;.vc_custom_1641977642010{padding-bottom: 30px !important;}&#8221;][vc_column width=&#8221;1\/2&#8243;][vc_single_image image=&#8221;41&#8243; img_size=&#8221;full&#8221; alignment=&#8221;center&#8221;][\/vc_column][vc_column width=&#8221;1\/2&#8243;][vc_column_text]<\/p>\n<h2 style=\"text-align: center;\"><span style=\"color: #ea2227;\">Mir\u00ebsevini<\/span> <span style=\"color: #ea2227;\">n\u00eb<\/span>\u00a0<span style=\"color: #42a5dc;\">AlbIta<\/span><\/h2>\n<p>[\/vc_column_text][vc_column_text]<\/p>\n<p style=\"text-align: justify;\">N\u00eb vitin 1998, nj\u00eb vit pas kaosit t\u00eb vitit \u201897, nj\u00eb sip\u00ebrmarr\u00ebs shqiptar kishte iden\u00eb p\u00ebr t\u00eb sjell\u00eb n\u00eb vendin e tij, nj\u00eb embelsire tipike Italiane, akulloren.<br \/>\nMe shum\u00eb guxim dhe angazhim arriti dit\u00eb pas dite p\u00ebr ta kthyer iden\u00eb e tij n\u00eb realitet, duke filluar nga prodhimi i nj\u00eb produkti deri sa arriti te prodhoje nj\u00eb shum\u00ebllojshm\u00ebri t\u00eb gjer\u00eb produktesh.<br \/>\nSot Albita Sh.p.k \u00ebsht\u00eb nje ndermarje e konsoliduar, e vetmja n\u00eb vend qe ofron nje larmi produktesh. Objektivi yne kryesor: ti permbahemi cilesise se larte nepermjet inovacionit te vazhdueshem te produkteve dhe teknollogjise.<br \/>\nAjo q\u00eb e b\u00ebri t\u00eb mundur rritjen e kompanis\u00eb son\u00eb ka qen\u00eb zgjedhja e kujdeseshme e l\u00ebnd\u00ebve t\u00eb para t\u00eb cilesise se larte. Nj\u00eb rrjet\u00a0i gjer\u00eb i shp\u00ebrndarjes eshte n\u00eb gjendje te sh\u00ebrbej\u00eb n\u00eb t\u00eb gjith\u00eb vendin dhe njekohesisht ti siguroj t\u00eb gjith\u00ebve respektin e \u201czinxhirit t\u00eb ftoht\u00eb\u201d: produktet transportohen n\u00eb temperatur\u00ebn optimale p\u00ebr te arritur tek operator\u00ebt e shitjes me pakic\u00eb, duke ruajtur karakteristikat e tyre dhe cil\u00ebsine.<br \/>\nKompania ofron nj\u00eb gam\u00eb t\u00eb gjer\u00eb produktesh , nga akulloret per bare dhe restorante, me paketim familiar, pa harruar akulloret ne paketim te vogel, si kono, kupa, etj. Kjo \u00ebsht\u00eb arsyeja perse Albita Sh.p.k propozon p\u00ebr ju produkte t\u00eb cil\u00ebsis\u00eb s\u00eb lart\u00eb, p\u00ebr t\u00eb k\u00ebnaqur klient\u00ebt dhe rritur besimin e tyre n\u00eb konsumin e produkteve tona.<\/p>\n<p>[\/vc_column_text][\/vc_column][\/vc_row][vc_row bg_type=&#8221;bg_color&#8221; bg_override=&#8221;ex-full&#8221; css=&#8221;.vc_custom_1641978075208{padding-top: 40px !important;padding-bottom: 40px !important;}&#8221; bg_color_value=&#8221;#f9f9f9&#8243;][vc_column width=&#8221;1\/2&#8243;]<div class=\"aio-icon-component    style_1\"><div id=\"Info-box-wrap-4119\" class=\"aio-icon-box left-icon\" style=\"\"  ><div class=\"aio-icon-left\"><div class=\"ult-just-icon-wrapper  \"><div class=\"align-icon\" style=\"text-align:center;\">\n<div class=\"aio-icon advanced \"  style=\"color:#e0363a;background:#ffffff;border-style:solid;border-color:#3d9de2;border-width:3px;width:70px;height:70px;line-height:70px;border-radius:500px;font-size:40px;display:inline-block;\">\n\t<i class=\"Defaults-star\"><\/i>\n<\/div><\/div><\/div><\/div><div class=\"aio-ibd-block\"><div class=\"aio-icon-header\" ><h3 class=\"aio-icon-title ult-responsive\"  data-ultimate-target='#Info-box-wrap-4119 .aio-icon-title'  data-responsive-json-new='{\"font-size\":\"\",\"line-height\":\"\"}'  style=\"\">CILESIA<\/h3><\/div> <!-- header --><div class=\"aio-icon-description ult-responsive\"  data-ultimate-target='#Info-box-wrap-4119 .aio-icon-description'  data-responsive-json-new='{\"font-size\":\"\",\"line-height\":\"\"}'  style=\"\"><\/p>\n<p style=\"text-align: justify;\">Objektivi kryesor i kompanis\u00eb son\u00eb \u00ebsht\u00eb k\u00ebnaq\u00ebsia maksimale e konsumator\u00ebve. Duke pasur parasysh evoluimin e vazhduesh\u00ebm t\u00eb industris\u00eb ton\u00eb dhe rritjes s\u00eb vazhdueshme t\u00eb k\u00ebrkesave t\u00eb tregut, t\u00eb jemi t\u00eb zgjedhur dhe t\u00eb vler\u00ebsuar nga klient\u00ebt tane, do t\u00eb thot\u00eb per ne te rrisim efikasitetin, cil\u00ebsin\u00eb, besueshm\u00ebrin\u00eb dhe imazhin. P\u00ebr t\u00eb arritur k\u00ebto prioritete, stafi i kompanis\u00eb son\u00eb e ka pare t\u00eb nevojshme p\u00ebr t\u00eb zbatuar nj\u00eb sistem q\u00eb i p\u00ebrshtatet struktur\u00ebs organizative t\u00eb kompanis\u00eb, kjo siguron standarde t\u00eb cil\u00ebsis\u00eb dhe higjien\u00ebs duke iu p\u00ebrshtatur kerkesave te Komunitetit Europian. Kompania aplikon sistemin e monitorimit t\u00eb p\u00ebrcaktuar n\u00eb manualin e praktikave me t\u00eb mira t\u00eb higjien\u00ebs. N\u00eb realizimin e planit t\u00eb vet\u00eb-kontrollit dhe t\u00eb sistemit HACCP, kompania ka marr\u00eb parasysh faktor\u00ebt n\u00eb vijim:<br \/>\n\u2013 P\u00ebrfshirja e t\u00eb gjith\u00eb personelit (Monitorim- Higjenizim)<br \/>\n\u2013 Instruktim (t\u00eb brendsh\u00ebm dhe t\u00eb jasht\u00ebm) n\u00eb t\u00eb gjitha nivelet<br \/>\n\u2013 Marr\u00ebveshje me nj\u00eb laborator t\u00eb akredituar t\u00eb jasht\u00ebm<br \/>\nKjo politik\u00eb, do t\u00eb kontribuoj\u00eb n\u00eb m\u00ebnyr\u00eb t\u00eb konsiderueshme p\u00ebr t\u00eb siguruar besueshm\u00ebrin\u00eb, profesionalizmin dhe efikasitetin q\u00eb kan\u00eb karakterizuar gjithmon\u00eb aktivitetin ton\u00eb dhe q\u00eb na dallojn\u00eb si nj\u00eb brand Shqiptare.<\/p>\n<p><\/div> <!-- description --><\/div> <!-- aio-ibd-block --><\/div> <!-- aio-icon-box --><\/div> <!-- aio-icon-component -->[\/vc_column][vc_column width=&#8221;1\/2&#8243;]<div class=\"aio-icon-component    style_1\"><div id=\"Info-box-wrap-6476\" class=\"aio-icon-box left-icon\" style=\"\"  ><div class=\"aio-icon-left\"><div class=\"ult-just-icon-wrapper  \"><div class=\"align-icon\" style=\"text-align:center;\">\n<div class=\"aio-icon advanced \"  style=\"color:#e0363a;background:#ffffff;border-style:solid;border-color:#3d9de2;border-width:3px;width:70px;height:70px;line-height:70px;border-radius:500px;font-size:40px;display:inline-block;\">\n\t<i class=\"Defaults-line-chart\"><\/i>\n<\/div><\/div><\/div><\/div><div class=\"aio-ibd-block\"><div class=\"aio-icon-header\" ><h3 class=\"aio-icon-title ult-responsive\"  data-ultimate-target='#Info-box-wrap-6476 .aio-icon-title'  data-responsive-json-new='{\"font-size\":\"\",\"line-height\":\"\"}'  style=\"\">MISIONI<\/h3><\/div> <!-- header --><div class=\"aio-icon-description ult-responsive\"  data-ultimate-target='#Info-box-wrap-6476 .aio-icon-description'  data-responsive-json-new='{\"font-size\":\"\",\"line-height\":\"\"}'  style=\"\"><\/p>\n<p style=\"text-align: justify;\">Ne jemi nj\u00eb kompani e angazhuar p\u00ebr rritjen n\u00eb nivel komb\u00ebtar me korrektesi, q\u00ebndrueshm\u00ebri dhe profesionalizem, n\u00eb k\u00ebrkim p\u00ebr p\u00ebrmir\u00ebsimin e vazhduesh\u00ebm t\u00eb orientimit drejt k\u00ebnaq\u00ebsis\u00eb s\u00eb klientit.<br \/>\nNe duam t\u00eb jemi protagonist\u00eb n\u00eb fushen e Pasticeri Akullore dhe shprehim cil\u00ebsin\u00eb m\u00eb t\u00eb lart\u00eb n\u00eb \u00e7do faz\u00eb t\u00eb pun\u00ebs son\u00eb, duke ndjekur p\u00ebrsosm\u00ebrin\u00eb dhe risi n\u00eb nj\u00eb dialog t\u00eb vazhduesh\u00ebm mes pasionit dhe p\u00ebrvoj\u00ebs.<br \/>\nV\u00ebmendja absolute dhe ndjeshm\u00ebria tek \u201cfaktori njeri\u201d na \u00e7on p\u00ebr t\u00eb bashk\u00ebvepruar n\u00eb baza ditore duke respektuar vlerat tona:<br \/>\n\u2022\u00a0Bashk\u00ebpunim<br \/>\n\u2022\u00a0Respekt<br \/>\n\u2022\u00a0Koherence<br \/>\n\u2022\u00a0Angazhim<br \/>\n\u2022\u00a0Besnik\u00ebri<\/p>\n<p><\/div> <!-- description --><\/div> <!-- aio-ibd-block --><\/div> <!-- aio-icon-box --><\/div> <!-- aio-icon-component -->[\/vc_column][\/vc_row][vc_row bg_type=&#8221;bg_color&#8221; bg_override=&#8221;ex-full&#8221; css=&#8221;.vc_custom_1641978331388{padding-top: 30px !important;padding-bottom: 30px !important;}&#8221; bg_color_value=&#8221;#e0363a&#8221;][vc_column width=&#8221;3\/4&#8243;][vc_custom_heading text=&#8221;Per me teper, shihni produktet tona&#8221; font_container=&#8221;tag:h2|text_align:left|color:%23ffffff&#8221; use_theme_fonts=&#8221;yes&#8221;][\/vc_column][vc_column width=&#8221;1\/4&#8243;][vc_btn title=&#8221;Galeria&#8221; style=&#8221;outline-custom&#8221; outline_custom_color=&#8221;#ffffff&#8221; outline_custom_hover_background=&#8221;#ffffff&#8221; outline_custom_hover_text=&#8221;#3f4658&#8243; align=&#8221;center&#8221; link=&#8221;url:https%3A%2F%2Falbita.al%2Fgaleria%2F|title:Galeria||&#8221;][\/vc_column][\/vc_row]<\/p>\n<\/div>","protected":false},"excerpt":{"rendered":"<p>[vc_row css=&#8221;.vc_custom_1641977642010{padding-bottom: 30px !important;}&#8221;][vc_column width=&#8221;1\/2&#8243;][vc_single_image image=&#8221;41&#8243; img_size=&#8221;full&#8221; alignment=&#8221;center&#8221;][\/vc_column][vc_column width=&#8221;1\/2&#8243;][vc_column_text] Mir\u00ebsevini n\u00eb\u00a0AlbIta [\/vc_column_text][vc_column_text] N\u00eb vitin 1998, nj\u00eb vit pas kaosit t\u00eb vitit \u201897, nj\u00eb sip\u00ebrmarr\u00ebs shqiptar kishte iden\u00eb p\u00ebr t\u00eb sjell\u00eb n\u00eb vendin e tij, nj\u00eb embelsire tipike Italiane, akulloren. Me shum\u00eb guxim dhe angazhim arriti dit\u00eb pas dite p\u00ebr ta kthyer iden\u00eb e tij n\u00eb&hellip;<\/p>\n","protected":false},"author":2,"featured_media":0,"parent":0,"menu_order":0,"comment_status":"closed","ping_status":"closed","template":"","meta":{"footnotes":""},"class_list":["post-35","page","type-page","status-publish","hentry","description-off"],"_links":{"self":[{"href":"https:\/\/albita.al\/index.php?rest_route=\/wp\/v2\/pages\/35","targetHints":{"allow":["GET"]}}],"collection":[{"href":"https:\/\/albita.al\/index.php?rest_route=\/wp\/v2\/pages"}],"about":[{"href":"https:\/\/albita.al\/index.php?rest_route=\/wp\/v2\/types\/page"}],"author":[{"embeddable":true,"href":"https:\/\/albita.al\/index.php?rest_route=\/wp\/v2\/users\/2"}],"replies":[{"embeddable":true,"href":"https:\/\/albita.al\/index.php?rest_route=%2Fwp%2Fv2%2Fcomments&post=35"}],"version-history":[{"count":16,"href":"https:\/\/albita.al\/index.php?rest_route=\/wp\/v2\/pages\/35\/revisions"}],"predecessor-version":[{"id":211,"href":"https:\/\/albita.al\/index.php?rest_route=\/wp\/v2\/pages\/35\/revisions\/211"}],"wp:attachment":[{"href":"https:\/\/albita.al\/index.php?rest_route=%2Fwp%2Fv2%2Fmedia&parent=35"}],"curies":[{"name":"wp","href":"https:\/\/api.w.org\/{rel}","templated":true}]}}