{"id":213,"date":"2022-01-12T14:00:39","date_gmt":"2022-01-12T14:00:39","guid":{"rendered":"https:\/\/new.albita.al\/?page_id=213"},"modified":"2022-01-12T14:00:39","modified_gmt":"2022-01-12T14:00:39","slug":"akullore","status":"publish","type":"page","link":"https:\/\/albita.al\/?page_id=213","title":{"rendered":"Akullore"},"content":{"rendered":"<div class=\"wpb-content-wrapper\"><p>[vc_row css=&#8221;.vc_custom_1641996022180{padding-bottom: 80px !important;}&#8221;][vc_column]<div class=\"woocommerce columns-4\"><div class=\"wf-container dt-products  woo-hover products loading-effect-fade-in description-on-hover cart-btn-on-img wc-img-hover hide-description\" data-padding=\"0px\" data-cur-page=\"1\" data-desktop-columns-num=\"4\" data-v-tablet-columns-num=\"2\" data-h-tablet-columns-num=\"3\" data-phone-columns-num=\"1\">\n\n<article class=\"post product-category product first\">\n\n\t<figure class=\"woocom-project\">\n\t<div class=\"woo-buttons-on-img\">\n\n\t\t<a href=\"https:\/\/albita.al\/?product_cat=akullore-me-biskote\" class=\"alignnone\"><img loading=\"lazy\" decoding=\"async\" class=\"preload-me\" src=\"https:\/\/albita.al\/wp-content\/uploads\/2022\/01\/bisgel-300x300.png\" alt=\"Akullore me Biskote\" width=\"300\" height=\"300\" srcset=\"https:\/\/albita.al\/wp-content\/uploads\/2022\/01\/bisgel-300x300.png 300w, https:\/\/albita.al\/wp-content\/uploads\/2022\/01\/bisgel-150x150.png 150w, https:\/\/albita.al\/wp-content\/uploads\/2022\/01\/bisgel-600x600.png 600w, https:\/\/albita.al\/wp-content\/uploads\/2022\/01\/bisgel-200x200.png 200w, https:\/\/albita.al\/wp-content\/uploads\/2022\/01\/bisgel.png 700w\" sizes=\"auto, (max-width: 300px) 100vw, 300px\" \/><\/a>\n\t<\/div>\n\t<figcaption class=\"woocom-list-content\">\n\n\t\t\n\t<\/figcaption>\n<\/figure>\n<\/article>\n\n\n\n<article class=\"post product-category product\">\n\n\t<figure class=\"woocom-project\">\n\t<div class=\"woo-buttons-on-img\">\n\n\t\t<a href=\"https:\/\/albita.al\/?product_cat=akullore-me-kaush\" class=\"alignnone\"><img loading=\"lazy\" decoding=\"async\" class=\"preload-me\" src=\"https:\/\/albita.al\/wp-content\/uploads\/2022\/01\/CONO-PREMIUM-ARRA-300x300.jpg\" alt=\"Akullore me Kaush\" width=\"300\" height=\"300\" srcset=\"https:\/\/albita.al\/wp-content\/uploads\/2022\/01\/CONO-PREMIUM-ARRA-300x300.jpg 300w, https:\/\/albita.al\/wp-content\/uploads\/2022\/01\/CONO-PREMIUM-ARRA-150x150.jpg 150w, https:\/\/albita.al\/wp-content\/uploads\/2022\/01\/CONO-PREMIUM-ARRA-200x200.jpg 200w\" sizes=\"auto, (max-width: 300px) 100vw, 300px\" \/><\/a>\n\t<\/div>\n\t<figcaption class=\"woocom-list-content\">\n\n\t\t\n\t<\/figcaption>\n<\/figure>\n<\/article>\n\n\n\n<article class=\"post product-category product\">\n\n\t<figure class=\"woocom-project\">\n\t<div class=\"woo-buttons-on-img\">\n\n\t\t<a href=\"https:\/\/albita.al\/?product_cat=model-850\" class=\"alignnone\"><img loading=\"lazy\" decoding=\"async\" class=\"preload-me\" src=\"https:\/\/albita.al\/wp-content\/uploads\/2022\/01\/qershi-300x300.png\" alt=\"Model 850\" width=\"300\" height=\"300\" srcset=\"https:\/\/albita.al\/wp-content\/uploads\/2022\/01\/qershi-300x300.png 300w, https:\/\/albita.al\/wp-content\/uploads\/2022\/01\/qershi-150x150.png 150w, https:\/\/albita.al\/wp-content\/uploads\/2022\/01\/qershi-600x600.png 600w, https:\/\/albita.al\/wp-content\/uploads\/2022\/01\/qershi-200x200.png 200w, https:\/\/albita.al\/wp-content\/uploads\/2022\/01\/qershi.png 700w\" sizes=\"auto, (max-width: 300px) 100vw, 300px\" \/><\/a>\n\t<\/div>\n\t<figcaption class=\"woocom-list-content\">\n\n\t\t\n\t<\/figcaption>\n<\/figure>\n<\/article>\n\n\n\n<article class=\"post product-category product last\">\n\n\t<figure class=\"woocom-project\">\n\t<div class=\"woo-buttons-on-img\">\n\n\t\t<a href=\"https:\/\/albita.al\/?product_cat=sfuzo\" class=\"alignnone\"><img loading=\"lazy\" decoding=\"async\" class=\"preload-me\" src=\"https:\/\/albita.al\/wp-content\/uploads\/2022\/01\/SFUZO-COKOLLATE-1-400x320-1-300x300.jpg\" alt=\"Sfuzo\" width=\"300\" height=\"300\" srcset=\"https:\/\/albita.al\/wp-content\/uploads\/2022\/01\/SFUZO-COKOLLATE-1-400x320-1-300x300.jpg 300w, https:\/\/albita.al\/wp-content\/uploads\/2022\/01\/SFUZO-COKOLLATE-1-400x320-1-150x150.jpg 150w, https:\/\/albita.al\/wp-content\/uploads\/2022\/01\/SFUZO-COKOLLATE-1-400x320-1-200x200.jpg 200w\" sizes=\"auto, (max-width: 300px) 100vw, 300px\" \/><\/a>\n\t<\/div>\n\t<figcaption class=\"woocom-list-content\">\n\n\t\t\n\t<\/figcaption>\n<\/figure>\n<\/article>\n\n<\/div><\/div>[\/vc_column][\/vc_row][vc_row bg_type=&#8221;image&#8221; parallax_style=&#8221;vcpb-default&#8221; bg_image_new=&#8221;id^32|url^https:\/\/albita.al\/wp-content\/uploads\/2022\/01\/Capture1.jpg|caption^null|alt^null|title^Capture1|description^null&#8221; bg_override=&#8221;ex-full&#8221; css=&#8221;.vc_custom_1641994035888{padding-top: 70px !important;padding-bottom: 70px !important;}&#8221;][vc_column][vc_custom_heading text=&#8221;N\u00ebse d\u00ebshironi t\u00eb bashk\u00ebpunoni me ne apo t\u00eb shijoni produktet tona&#8221; font_container=&#8221;tag:h2|text_align:center|color:%23ffffff&#8221; use_theme_fonts=&#8221;yes&#8221;][vc_empty_space height=&#8221;20&#8243;][vc_btn title=&#8221;Na Kontaktoni&#8221; style=&#8221;outline-custom&#8221; outline_custom_color=&#8221;#ffffff&#8221; outline_custom_hover_background=&#8221;#ffffff&#8221; outline_custom_hover_text=&#8221;#3f4658&#8243; align=&#8221;center&#8221; link=&#8221;url:https%3A%2F%2Falbita.al%2Fkontakt%2F|title:Kontakt||&#8221;][\/vc_column][\/vc_row]<\/p>\n<\/div>","protected":false},"excerpt":{"rendered":"<p>[vc_row css=&#8221;.vc_custom_1641996022180{padding-bottom: 80px !important;}&#8221;][vc_column][\/vc_column][\/vc_row][vc_row bg_type=&#8221;image&#8221; parallax_style=&#8221;vcpb-default&#8221; bg_image_new=&#8221;id^32|url^https:\/\/albita.al\/wp-content\/uploads\/2022\/01\/Capture1.jpg|caption^null|alt^null|title^Capture1|description^null&#8221; bg_override=&#8221;ex-full&#8221; css=&#8221;.vc_custom_1641994035888{padding-top: 70px !important;padding-bottom: 70px !important;}&#8221;][vc_column][vc_custom_heading text=&#8221;N\u00ebse d\u00ebshironi t\u00eb bashk\u00ebpunoni me ne apo t\u00eb shijoni produktet tona&#8221; font_container=&#8221;tag:h2|text_align:center|color:%23ffffff&#8221; use_theme_fonts=&#8221;yes&#8221;][vc_empty_space height=&#8221;20&#8243;][vc_btn title=&#8221;Na Kontaktoni&#8221; style=&#8221;outline-custom&#8221; outline_custom_color=&#8221;#ffffff&#8221; outline_custom_hover_background=&#8221;#ffffff&#8221; outline_custom_hover_text=&#8221;#3f4658&#8243; align=&#8221;center&#8221; link=&#8221;url:https%3A%2F%2Falbita.al%2Fkontakt%2F|title:Kontakt||&#8221;][\/vc_column][\/vc_row]<\/p>\n","protected":false},"author":2,"featured_media":0,"parent":0,"menu_order":0,"comment_status":"closed","ping_status":"closed","template":"","meta":{"footnotes":""},"class_list":["post-213","page","type-page","status-publish","hentry","description-off"],"_links":{"self":[{"href":"https:\/\/albita.al\/index.php?rest_route=\/wp\/v2\/pages\/213","targetHints":{"allow":["GET"]}}],"collection":[{"href":"https:\/\/albita.al\/index.php?rest_route=\/wp\/v2\/pages"}],"about":[{"href":"https:\/\/albita.al\/index.php?rest_route=\/wp\/v2\/types\/page"}],"author":[{"embeddable":true,"href":"https:\/\/albita.al\/index.php?rest_route=\/wp\/v2\/users\/2"}],"replies":[{"embeddable":true,"href":"https:\/\/albita.al\/index.php?rest_route=%2Fwp%2Fv2%2Fcomments&post=213"}],"version-history":[{"count":5,"href":"https:\/\/albita.al\/index.php?rest_route=\/wp\/v2\/pages\/213\/revisions"}],"predecessor-version":[{"id":219,"href":"https:\/\/albita.al\/index.php?rest_route=\/wp\/v2\/pages\/213\/revisions\/219"}],"wp:attachment":[{"href":"https:\/\/albita.al\/index.php?rest_route=%2Fwp%2Fv2%2Fmedia&parent=213"}],"curies":[{"name":"wp","href":"https:\/\/api.w.org\/{rel}","templated":true}]}}