{"id":196,"date":"2022-01-12T13:27:38","date_gmt":"2022-01-12T13:27:38","guid":{"rendered":"https:\/\/new.albita.al\/?page_id=196"},"modified":"2022-01-12T13:50:10","modified_gmt":"2022-01-12T13:50:10","slug":"galeria","status":"publish","type":"page","link":"https:\/\/albita.al\/?page_id=196","title":{"rendered":"Galeria"},"content":{"rendered":"<div class=\"wpb-content-wrapper\"><p>[vc_row css=&#8221;.vc_custom_1641977642010{padding-bottom: 30px !important;}&#8221;][vc_column][vc_media_grid element_width=&#8221;3&#8243; grid_id=&#8221;vc_gid:1641995392639-94015fda-35c2-0&#8243; include=&#8221;177,175,173,171,169,157,159,161,163,165,167,155,153,151,119,117,115,113,89,29,27,84,87&#8243;][\/vc_column][\/vc_row][vc_row bg_type=&#8221;image&#8221; parallax_style=&#8221;vcpb-default&#8221; bg_image_new=&#8221;id^32|url^https:\/\/albita.al\/wp-content\/uploads\/2022\/01\/Capture1.jpg|caption^null|alt^null|title^Capture1|description^null&#8221; bg_override=&#8221;ex-full&#8221; css=&#8221;.vc_custom_1641994035888{padding-top: 70px !important;padding-bottom: 70px !important;}&#8221;][vc_column][vc_custom_heading text=&#8221;N\u00ebse d\u00ebshironi t\u00eb bashk\u00ebpunoni me ne apo t\u00eb shijoni produktet tona&#8221; font_container=&#8221;tag:h2|text_align:center|color:%23ffffff&#8221; use_theme_fonts=&#8221;yes&#8221;][vc_empty_space height=&#8221;20&#8243;][vc_btn title=&#8221;Na Kontaktoni&#8221; style=&#8221;outline-custom&#8221; outline_custom_color=&#8221;#ffffff&#8221; outline_custom_hover_background=&#8221;#ffffff&#8221; outline_custom_hover_text=&#8221;#3f4658&#8243; align=&#8221;center&#8221; link=&#8221;url:https%3A%2F%2Falbita.al%2Fkontakt%2F|title:Kontakt||&#8221;][\/vc_column][\/vc_row]<\/p>\n<\/div>","protected":false},"excerpt":{"rendered":"<p>[vc_row css=&#8221;.vc_custom_1641977642010{padding-bottom: 30px !important;}&#8221;][vc_column][vc_media_grid element_width=&#8221;3&#8243; grid_id=&#8221;vc_gid:1641995392639-94015fda-35c2-0&#8243; include=&#8221;177,175,173,171,169,157,159,161,163,165,167,155,153,151,119,117,115,113,89,29,27,84,87&#8243;][\/vc_column][\/vc_row][vc_row bg_type=&#8221;image&#8221; parallax_style=&#8221;vcpb-default&#8221; bg_image_new=&#8221;id^32|url^https:\/\/albita.al\/wp-content\/uploads\/2022\/01\/Capture1.jpg|caption^null|alt^null|title^Capture1|description^null&#8221; bg_override=&#8221;ex-full&#8221; css=&#8221;.vc_custom_1641994035888{padding-top: 70px !important;padding-bottom: 70px !important;}&#8221;][vc_column][vc_custom_heading text=&#8221;N\u00ebse d\u00ebshironi t\u00eb bashk\u00ebpunoni me ne apo t\u00eb shijoni produktet tona&#8221; font_container=&#8221;tag:h2|text_align:center|color:%23ffffff&#8221; use_theme_fonts=&#8221;yes&#8221;][vc_empty_space height=&#8221;20&#8243;][vc_btn title=&#8221;Na Kontaktoni&#8221; style=&#8221;outline-custom&#8221; outline_custom_color=&#8221;#ffffff&#8221; outline_custom_hover_background=&#8221;#ffffff&#8221; outline_custom_hover_text=&#8221;#3f4658&#8243; align=&#8221;center&#8221; link=&#8221;url:https%3A%2F%2Falbita.al%2Fkontakt%2F|title:Kontakt||&#8221;][\/vc_column][\/vc_row]<\/p>\n","protected":false},"author":2,"featured_media":0,"parent":0,"menu_order":0,"comment_status":"closed","ping_status":"closed","template":"","meta":{"footnotes":""},"class_list":["post-196","page","type-page","status-publish","hentry","description-off"],"_links":{"self":[{"href":"https:\/\/albita.al\/index.php?rest_route=\/wp\/v2\/pages\/196","targetHints":{"allow":["GET"]}}],"collection":[{"href":"https:\/\/albita.al\/index.php?rest_route=\/wp\/v2\/pages"}],"about":[{"href":"https:\/\/albita.al\/index.php?rest_route=\/wp\/v2\/types\/page"}],"author":[{"embeddable":true,"href":"https:\/\/albita.al\/index.php?rest_route=\/wp\/v2\/users\/2"}],"replies":[{"embeddable":true,"href":"https:\/\/albita.al\/index.php?rest_route=%2Fwp%2Fv2%2Fcomments&post=196"}],"version-history":[{"count":5,"href":"https:\/\/albita.al\/index.php?rest_route=\/wp\/v2\/pages\/196\/revisions"}],"predecessor-version":[{"id":200,"href":"https:\/\/albita.al\/index.php?rest_route=\/wp\/v2\/pages\/196\/revisions\/200"}],"wp:attachment":[{"href":"https:\/\/albita.al\/index.php?rest_route=%2Fwp%2Fv2%2Fmedia&parent=196"}],"curies":[{"name":"wp","href":"https:\/\/api.w.org\/{rel}","templated":true}]}}