{"id":10,"date":"2022-01-10T16:32:27","date_gmt":"2022-01-10T16:32:27","guid":{"rendered":"https:\/\/new.albita.al\/?page_id=10"},"modified":"2022-01-12T13:48:01","modified_gmt":"2022-01-12T13:48:01","slug":"home","status":"publish","type":"page","link":"https:\/\/albita.al\/","title":{"rendered":"Home"},"content":{"rendered":"<div class=\"wpb-content-wrapper\"><p>[vc_row][vc_column][vc_custom_heading text=&#8221;Mir\u00ebsevini n\u00eb AlbIta&#8221; font_container=&#8221;tag:h2|text_align:center|color:%23e0363a&#8221; use_theme_fonts=&#8221;yes&#8221;][vc_column_text]<\/p>\n<p style=\"text-align: center;\">Albita Sh.p.k \u00ebsht\u00eb nje ndermarje e konsoliduar, e vetmja n\u00eb vend qe ofron nje larmi produktesh, nga akulloret per bare dhe restorante, me paketim familiar, pa harruar akulloret ne paketim te vogel, si kono, kupa, etj. Kjo \u00ebsht\u00eb arsyeja perse Albita Sh.p.k propozon p\u00ebr ju produkte t\u00eb cil\u00ebsis\u00eb s\u00eb lart\u00eb, p\u00ebr t\u00eb k\u00ebnaqur klient\u00ebt dhe rritur besimin e tyre n\u00eb konsumin e produkteve tona.<\/p>\n<p>[\/vc_column_text][vc_single_image image=&#8221;15&#8243; img_size=&#8221;full&#8221; alignment=&#8221;center&#8221;][\/vc_column][\/vc_row][vc_row css=&#8221;.vc_custom_1641909948703{padding-bottom: 60px !important;}&#8221;][vc_column width=&#8221;1\/3&#8243;]<div class=\"ult-content-box-container \" >\t\t<div class=\"ult-content-box\" style=\"background-color:#ffffff;box-shadow: px px px px none;border-style:solid;border-width:1px;border-color:#dddddd;-webkit-transition: all 700ms ease;-moz-transition: all 700ms ease;-ms-transition: all 700ms ease;-o-transition: all 700ms ease;transition: all 700ms ease;\"  data-hover_box_shadow=\"none\"     data-bg=\"#ffffff\"  data-border_color=\"#dddddd\" >[vc_single_image image=&#8221;17&#8243; img_size=&#8221;full&#8221; alignment=&#8221;center&#8221;][vc_custom_heading text=&#8221;Akullore&#8221; font_container=&#8221;tag:h3|text_align:center&#8221; use_theme_fonts=&#8221;yes&#8221;][vc_column_text css=&#8221;.vc_custom_1641907664235{padding-right: 15px !important;padding-left: 15px !important;}&#8221;]<\/p>\n<p style=\"text-align: center;\">Ofrojme per ju akullore te shumellojshme, me perberes natyrale dhe cilesore, shije fantastike, si edhe<br \/>\npaketime te ndryshme\u2026<\/p>\n<p>[\/vc_column_text][vc_btn title=&#8221;M\u00eb tep\u00ebr&#8221; style=&#8221;custom&#8221; custom_background=&#8221;#3f4658&#8243; custom_text=&#8221;#ffffff&#8221; align=&#8221;center&#8221;]\t\t<\/div><\/div>[\/vc_column][vc_column width=&#8221;1\/3&#8243;]<div class=\"ult-content-box-container \" >\t\t<div class=\"ult-content-box\" style=\"background-color:#ffffff;box-shadow: px px px px none;border-style:solid;border-width:1px;border-color:#dddddd;-webkit-transition: all 700ms ease;-moz-transition: all 700ms ease;-ms-transition: all 700ms ease;-o-transition: all 700ms ease;transition: all 700ms ease;\"  data-hover_box_shadow=\"none\"     data-bg=\"#ffffff\"  data-border_color=\"#dddddd\" >[vc_single_image image=&#8221;19&#8243; img_size=&#8221;full&#8221; alignment=&#8221;center&#8221;][vc_custom_heading text=&#8221;Pasti\u00e7eri&#8221; font_container=&#8221;tag:h3|text_align:center&#8221; use_theme_fonts=&#8221;yes&#8221;][vc_column_text css=&#8221;.vc_custom_1641907657293{padding-right: 15px !important;padding-left: 15px !important;}&#8221;]<\/p>\n<p style=\"text-align: center;\">Embelsira te ndryshme dhe te shijshme, te gatuara me mjeshteri nga pasticieret tane, duke sjelle tek ju vlerat dhe<br \/>\ncilesine e gatimit\u2026<\/p>\n<p>[\/vc_column_text][vc_btn title=&#8221;M\u00eb tep\u00ebr&#8221; style=&#8221;custom&#8221; custom_background=&#8221;#3f4658&#8243; custom_text=&#8221;#ffffff&#8221; align=&#8221;center&#8221;]\t\t<\/div><\/div>[\/vc_column][vc_column width=&#8221;1\/3&#8243;]<div class=\"ult-content-box-container \" >\t\t<div class=\"ult-content-box\" style=\"background-color:#ffffff;box-shadow: px px px px none;border-style:solid;border-width:1px;border-color:#dddddd;-webkit-transition: all 700ms ease;-moz-transition: all 700ms ease;-ms-transition: all 700ms ease;-o-transition: all 700ms ease;transition: all 700ms ease;\"  data-hover_box_shadow=\"none\"     data-bg=\"#ffffff\"  data-border_color=\"#dddddd\" >[vc_single_image image=&#8221;21&#8243; img_size=&#8221;full&#8221; alignment=&#8221;center&#8221;][vc_custom_heading text=&#8221;Akullore&#8221; font_container=&#8221;tag:h3|text_align:center&#8221; use_theme_fonts=&#8221;yes&#8221;][vc_column_text css=&#8221;.vc_custom_1641834007297{padding-right: 10px !important;padding-left: 10px !important;}&#8221;]<\/p>\n<p style=\"text-align: center;\">Pranojme porosi te ndryshme ne varesi te kerkesave te klienteve, si edhe realizim ne kohe, per te qene sa me prane festave dhe gezimeve tuaja familjare\u2026<\/p>\n<p>[\/vc_column_text][vc_btn title=&#8221;M\u00eb tep\u00ebr&#8221; style=&#8221;custom&#8221; custom_background=&#8221;#3f4658&#8243; custom_text=&#8221;#ffffff&#8221; align=&#8221;center&#8221;]\t\t<\/div><\/div>[\/vc_column][\/vc_row][vc_row bg_type=&#8221;image&#8221; parallax_style=&#8221;vcpb-default&#8221; bg_image_new=&#8221;id^25|url^https:\/\/albita.al\/wp-content\/uploads\/2022\/01\/test4.jpg|caption^null|alt^null|title^test4|description^null&#8221; bg_override=&#8221;ex-full&#8221;][vc_column][vc_row_inner css=&#8221;.vc_custom_1641909831750{padding-top: 50px !important;padding-bottom: 100px !important;}&#8221;][vc_column_inner width=&#8221;1\/6&#8243;][\/vc_column_inner][vc_column_inner width=&#8221;2\/3&#8243; css=&#8221;.vc_custom_1641909678102{background-color: rgba(255,255,255,0.65) !important;*background-color: rgb(255,255,255) !important;}&#8221;][vc_single_image image=&#8221;15&#8243; img_size=&#8221;full&#8221; alignment=&#8221;center&#8221;]<div id=\"ult-carousel-290977620469fb26a223fa3\" class=\"ult-carousel-wrapper   ult_horizontal\" data-gutter=\"15\" data-rtl=\"false\" ><div class=\"ult-carousel-56801752969fb26a223ef2 \" >[vc_column_text css=&#8221;.vc_custom_1641979789430{background-color: rgba(255,255,255,0.07) !important;*background-color: rgb(255,255,255) !important;}&#8221;]<\/p>\n<blockquote style=\"color: #777;\">\n<p style=\"text-align: center;\">Albita eshte vertet kompania me e mire sa i perket akulloreve dhe embelsirave ne Shqiperi. Personalisht, ne cdo market, produktet e vetme per te cilat jam e bindur ne shije dhe cilesi, jane akulloret Albita. Jane fantastike!<\/p>\n<\/blockquote>\n<p>[\/vc_column_text][vc_column_text css=&#8221;.vc_custom_1641909659656{background-color: rgba(255,255,255,0.39) !important;*background-color: rgb(255,255,255) !important;}&#8221;]<\/p>\n<blockquote style=\"color: #777;\">\n<p style=\"text-align: center;\">Akulloret Albita jane te preferuarat e mia, pasi kane pafundesi shijesh dhe paketimesh. Jane lehtesisht te dallueshme nga akulloret e tjera, kjo pasi dallojne nga shija e vecante dhe cilesia e perhershme.<\/p>\n<\/blockquote>\n<p>[\/vc_column_text]<\/div><\/div>\t\t\t<script type=\"text\/javascript\">\n\t\t\t\tjQuery(document).ready(function ($) {\n\t\t\t\t\tif( typeof jQuery('.ult-carousel-56801752969fb26a223ef2').slick == \"function\"){\n\t\t\t\t\t\t$('.ult-carousel-56801752969fb26a223ef2').slick({dots: true,autoplay: true,autoplaySpeed: \"5000\",speed: \"300\",infinite: true,arrows: false,slidesToScroll:1,slidesToShow:1,swipe: true,draggable: true,touchMove: true,pauseOnHover: true,pauseOnFocus: false,responsive: [\n\t\t\t\t\t\t\t{\n\t\t\t\t\t\t\t  breakpoint: 1026,\n\t\t\t\t\t\t\t  settings: {\n\t\t\t\t\t\t\t\tslidesToShow: 1,\n\t\t\t\t\t\t\t\tslidesToScroll: 1,  \n\t\t\t\t\t\t\t  }\n\t\t\t\t\t\t\t},\n\t\t\t\t\t\t\t{\n\t\t\t\t\t\t\t  breakpoint: 1025,\n\t\t\t\t\t\t\t  settings: {\n\t\t\t\t\t\t\t\tslidesToShow: 1,\n\t\t\t\t\t\t\t\tslidesToScroll: 1\n\t\t\t\t\t\t\t  }\n\t\t\t\t\t\t\t},\n\t\t\t\t\t\t\t{\n\t\t\t\t\t\t\t  breakpoint: 760,\n\t\t\t\t\t\t\t  settings: {\n\t\t\t\t\t\t\t\tslidesToShow: 1,\n\t\t\t\t\t\t\t\tslidesToScroll: 1\n\t\t\t\t\t\t\t  }\n\t\t\t\t\t\t\t}\n\t\t\t\t\t\t],pauseOnDotsHover: true,customPaging: function(slider, i) {\n                   return '<i type=\"button\" style= \"color:#333333;\" class=\"ultsl-record\" data-role=\"none\"><\/i>';\n                },});\n\t\t\t\t\t}\n\t\t\t\t});\n\t\t\t<\/script>\n\t\t\t[\/vc_column_inner][vc_column_inner width=&#8221;1\/6&#8243;][\/vc_column_inner][\/vc_row_inner][\/vc_column][\/vc_row][vc_row css=&#8221;.vc_custom_1641916224011{padding-top: 40px !important;padding-bottom: 40px !important;}&#8221;][vc_column][vc_custom_heading text=&#8221;Galeria&#8221; font_container=&#8221;tag:h2|text_align:center|color:%23e0363a&#8221; use_theme_fonts=&#8221;yes&#8221;][vc_single_image image=&#8221;15&#8243; img_size=&#8221;full&#8221; alignment=&#8221;center&#8221;][vc_row_inner][vc_column_inner width=&#8221;1\/4&#8243;][vc_single_image image=&#8221;26&#8243; img_size=&#8221;full&#8221;][vc_single_image image=&#8221;27&#8243; img_size=&#8221;full&#8221;][\/vc_column_inner][vc_column_inner width=&#8221;1\/2&#8243;][vc_single_image image=&#8221;28&#8243; img_size=&#8221;full&#8221;][\/vc_column_inner][vc_column_inner width=&#8221;1\/4&#8243;][vc_single_image image=&#8221;29&#8243; img_size=&#8221;full&#8221;][vc_single_image image=&#8221;30&#8243; img_size=&#8221;full&#8221;][\/vc_column_inner][\/vc_row_inner][\/vc_column][\/vc_row][vc_row bg_type=&#8221;image&#8221; parallax_style=&#8221;vcpb-default&#8221; bg_image_new=&#8221;id^32|url^https:\/\/albita.al\/wp-content\/uploads\/2022\/01\/Capture1.jpg|caption^null|alt^null|title^Capture1|description^null&#8221; bg_override=&#8221;ex-full&#8221; css=&#8221;.vc_custom_1641915841843{padding-top: 70px !important;padding-bottom: 70px !important;}&#8221;][vc_column][vc_custom_heading text=&#8221;N\u00ebse d\u00ebshironi t\u00eb bashk\u00ebpunoni me ne apo t\u00eb shijoni produktet tona&#8221; font_container=&#8221;tag:h2|text_align:center|color:%23ffffff&#8221; use_theme_fonts=&#8221;yes&#8221;][vc_empty_space height=&#8221;25px&#8221;][vc_btn title=&#8221;Na Kontaktoni&#8221; style=&#8221;outline-custom&#8221; outline_custom_color=&#8221;#ffffff&#8221; outline_custom_hover_background=&#8221;#ffffff&#8221; outline_custom_hover_text=&#8221;#3f4658&#8243; align=&#8221;center&#8221; link=&#8221;url:https%3A%2F%2Falbita.al%2Fkontakt%2F|title:Kontakt||&#8221;][\/vc_column][\/vc_row]<\/p>\n<\/div>","protected":false},"excerpt":{"rendered":"<p>[vc_row][vc_column][vc_custom_heading text=&#8221;Mir\u00ebsevini n\u00eb AlbIta&#8221; font_container=&#8221;tag:h2|text_align:center|color:%23e0363a&#8221; use_theme_fonts=&#8221;yes&#8221;][vc_column_text] Albita Sh.p.k \u00ebsht\u00eb nje ndermarje e konsoliduar, e vetmja n\u00eb vend qe ofron nje larmi produktesh, nga akulloret per bare dhe restorante, me paketim familiar, pa harruar akulloret ne paketim te vogel, si kono, kupa, etj. Kjo \u00ebsht\u00eb arsyeja perse Albita Sh.p.k propozon p\u00ebr ju produkte t\u00eb cil\u00ebsis\u00eb s\u00eb&hellip;<\/p>\n","protected":false},"author":2,"featured_media":0,"parent":0,"menu_order":0,"comment_status":"closed","ping_status":"closed","template":"","meta":{"footnotes":""},"class_list":["post-10","page","type-page","status-publish","hentry","description-off"],"_links":{"self":[{"href":"https:\/\/albita.al\/index.php?rest_route=\/wp\/v2\/pages\/10","targetHints":{"allow":["GET"]}}],"collection":[{"href":"https:\/\/albita.al\/index.php?rest_route=\/wp\/v2\/pages"}],"about":[{"href":"https:\/\/albita.al\/index.php?rest_route=\/wp\/v2\/types\/page"}],"author":[{"embeddable":true,"href":"https:\/\/albita.al\/index.php?rest_route=\/wp\/v2\/users\/2"}],"replies":[{"embeddable":true,"href":"https:\/\/albita.al\/index.php?rest_route=%2Fwp%2Fv2%2Fcomments&post=10"}],"version-history":[{"count":13,"href":"https:\/\/albita.al\/index.php?rest_route=\/wp\/v2\/pages\/10\/revisions"}],"predecessor-version":[{"id":210,"href":"https:\/\/albita.al\/index.php?rest_route=\/wp\/v2\/pages\/10\/revisions\/210"}],"wp:attachment":[{"href":"https:\/\/albita.al\/index.php?rest_route=%2Fwp%2Fv2%2Fmedia&parent=10"}],"curies":[{"name":"wp","href":"https:\/\/api.w.org\/{rel}","templated":true}]}}